{"id":1361,"date":"2016-08-07T17:49:31","date_gmt":"2016-08-07T15:49:31","guid":{"rendered":"https:\/\/dev.bikeshore.com\/de\/retailers\/"},"modified":"2019-02-24T14:57:33","modified_gmt":"2019-02-24T13:57:33","slug":"haendler","status":"publish","type":"page","link":"https:\/\/bikeshore.com\/de\/haendler\/","title":{"rendered":"H\u00e4ndler"},"content":{"rendered":"<p> BikeShore H\u00e4ndler &#8211; Finden Sie Ihren n\u00e4chstgelegenen Fachh\u00e4ndler mit den neusten  Produkten von Cirrus Cycles &#8211; BodyFloat Kinekt Sattelst\u00fctze &#8211; oder von Redshift Sports &#8211; ShockStop-Vorbau, Aero-Switch-System, Quick Release Aerobars, Dual-Position-Sattelst\u00fctze &#8211; <p>","protected":false},"excerpt":{"rendered":"BikeShore H\u00e4ndler &#8211; Finden Sie Ihren n\u00e4chstgelegenen Fachh\u00e4ndler mit den neusten Produkten von Cirrus Cycles &#8211; BodyFloat Kinekt Sattelst\u00fctze &#8211; oder von Redshift Sports &#8211; ShockStop-Vorbau, Aero-Switch-System, Quick Release Aerobars, Dual-Position-Sattelst\u00fctze &#8211;","protected":false},"author":148,"featured_media":0,"parent":0,"menu_order":0,"comment_status":"closed","ping_status":"closed","template":"page-templates\/retailers.php","meta":{"_acf_changed":false,"footnotes":""},"class_list":["post-1361","page","type-page","status-publish","hentry"],"acf":[],"_links":{"self":[{"href":"https:\/\/bikeshore.com\/de\/wp-json\/wp\/v2\/pages\/1361","targetHints":{"allow":["GET"]}}],"collection":[{"href":"https:\/\/bikeshore.com\/de\/wp-json\/wp\/v2\/pages"}],"about":[{"href":"https:\/\/bikeshore.com\/de\/wp-json\/wp\/v2\/types\/page"}],"author":[{"embeddable":true,"href":"https:\/\/bikeshore.com\/de\/wp-json\/wp\/v2\/users\/148"}],"replies":[{"embeddable":true,"href":"https:\/\/bikeshore.com\/de\/wp-json\/wp\/v2\/comments?post=1361"}],"version-history":[{"count":0,"href":"https:\/\/bikeshore.com\/de\/wp-json\/wp\/v2\/pages\/1361\/revisions"}],"wp:attachment":[{"href":"https:\/\/bikeshore.com\/de\/wp-json\/wp\/v2\/media?parent=1361"}],"curies":[{"name":"wp","href":"https:\/\/api.w.org\/{rel}","templated":true}]}}